{"id":2518,"date":"2025-10-04T13:01:16","date_gmt":"2025-10-04T13:01:16","guid":{"rendered":"https:\/\/dryasserrifay.com\/?page_id=2518"},"modified":"2025-10-06T14:52:19","modified_gmt":"2025-10-06T14:52:19","slug":"reclamation","status":"publish","type":"page","link":"https:\/\/dryasserrifay.com\/ar\/reclamation\/","title":{"rendered":"reclamation"},"content":{"rendered":"<style>.elementor-2518 .elementor-element.elementor-element-140e6745{--display:flex;--flex-direction:column;--container-widget-width:calc( ( 1 - var( --container-widget-flex-grow ) ) * 100% );--container-widget-height:initial;--container-widget-flex-grow:0;--container-widget-align-self:initial;--flex-wrap-mobile:wrap;--align-items:stretch;--gap:20px 20px;--row-gap:20px;--column-gap:20px;--overlay-opacity:0.9;--margin-top:0%;--margin-bottom:0%;--margin-left:0%;--margin-right:0%;--padding-top:20px;--padding-bottom:30px;--padding-left:20px;--padding-right:20px;overflow:visible;}.elementor-2518 .elementor-element.elementor-element-140e6745:not(.elementor-motion-effects-element-type-background), .elementor-2518 .elementor-element.elementor-element-140e6745 > .elementor-motion-effects-container > .elementor-motion-effects-layer{background-color:#FFFFFF;background-image:url(\"https:\/\/dryasserrifay.com\/wp-content\/uploads\/2025\/10\/515901894_10161585278622666_4746994354394293431_n.jpg\");background-repeat:no-repeat;background-size:cover;}.elementor-2518 .elementor-element.elementor-element-140e6745::before, .elementor-2518 .elementor-element.elementor-element-140e6745 > .elementor-background-video-container::before, .elementor-2518 .elementor-element.elementor-element-140e6745 > .e-con-inner > .elementor-background-video-container::before, .elementor-2518 .elementor-element.elementor-element-140e6745 > .elementor-background-slideshow::before, .elementor-2518 .elementor-element.elementor-element-140e6745 > .e-con-inner > .elementor-background-slideshow::before, .elementor-2518 .elementor-element.elementor-element-140e6745 > .elementor-motion-effects-container > .elementor-motion-effects-layer::before{background-color:var( --e-global-color-secondary );--background-overlay:'';}.elementor-2518 .elementor-element.elementor-element-2a6fe0d3{margin:50px 0px calc(var(--kit-widget-spacing, 0px) + 0px) 0px;text-align:center;}.elementor-2518 .elementor-element.elementor-element-2a6fe0d3 .elementor-heading-title{font-family:\"Poppins\", Sans-serif;font-size:30px;font-weight:600;text-transform:none;font-style:normal;text-decoration:none;line-height:1em;letter-spacing:0px;color:var( --e-global-color-primary );}.elementor-2518 .elementor-element.elementor-element-2adc9a55{padding:0% 0% 0% 0%;text-align:end;font-family:\"Poppins\", Sans-serif;font-size:16px;font-weight:300;text-transform:none;font-style:normal;text-decoration:none;line-height:1.5em;letter-spacing:0px;color:var( --e-global-color-primary );}.elementor-2518 .elementor-element.elementor-element-209bee81{margin:0% 0% calc(var(--kit-widget-spacing, 0px) + 0%) 0%;--e-form-steps-indicators-spacing:20px;--e-form-steps-indicator-padding:30px;--e-form-steps-indicator-inactive-primary-color:#324A6D;--e-form-steps-indicator-inactive-secondary-color:#ffffff;--e-form-steps-indicator-active-primary-color:#467FF7;--e-form-steps-indicator-active-secondary-color:#ffffff;--e-form-steps-indicator-completed-primary-color:#467FF7;--e-form-steps-indicator-completed-secondary-color:#ffffff;--e-form-steps-divider-width:1px;--e-form-steps-divider-gap:10px;}.elementor-2518 .elementor-element.elementor-element-209bee81.elementor-element{--align-self:center;}.elementor-2518 .elementor-element.elementor-element-209bee81 .elementor-button-content-wrapper{flex-direction:row-reverse;}.elementor-2518 .elementor-element.elementor-element-209bee81 .elementor-field-group{padding-right:calc( 32px\/2 );padding-left:calc( 32px\/2 );margin-bottom:23px;}.elementor-2518 .elementor-element.elementor-element-209bee81 .elementor-form-fields-wrapper{margin-left:calc( -32px\/2 );margin-right:calc( -32px\/2 );margin-bottom:-23px;}.elementor-2518 .elementor-element.elementor-element-209bee81 .elementor-field-group.recaptcha_v3-bottomleft, .elementor-2518 .elementor-element.elementor-element-209bee81 .elementor-field-group.recaptcha_v3-bottomright{margin-bottom:0;}body.rtl .elementor-2518 .elementor-element.elementor-element-209bee81 .elementor-labels-inline .elementor-field-group > label{padding-left:14px;}body:not(.rtl) .elementor-2518 .elementor-element.elementor-element-209bee81 .elementor-labels-inline .elementor-field-group > label{padding-right:14px;}body .elementor-2518 .elementor-element.elementor-element-209bee81 .elementor-labels-above .elementor-field-group > label{padding-bottom:14px;}.elementor-2518 .elementor-element.elementor-element-209bee81 .elementor-field-group > label, .elementor-2518 .elementor-element.elementor-element-209bee81 .elementor-field-subgroup label{color:var( --e-global-color-primary );}.elementor-2518 .elementor-element.elementor-element-209bee81 .elementor-field-group > label{font-family:\"Poppins\", Sans-serif;font-size:16px;font-weight:500;text-transform:none;font-style:normal;text-decoration:none;line-height:1.5em;letter-spacing:0px;}.elementor-2518 .elementor-element.elementor-element-209bee81 .elementor-field-type-html{padding-bottom:40px;color:var( --e-global-color-accent );font-family:\"Poppins\", Sans-serif;font-size:16px;font-weight:300;text-transform:none;font-style:normal;text-decoration:none;line-height:1.5em;letter-spacing:0px;}.elementor-2518 .elementor-element.elementor-element-209bee81 .elementor-field-group .elementor-field{color:var( --e-global-color-secondary );}.elementor-2518 .elementor-element.elementor-element-209bee81 .elementor-field-group .elementor-field, .elementor-2518 .elementor-element.elementor-element-209bee81 .elementor-field-subgroup label{font-family:\"Poppins\", Sans-serif;font-size:16px;font-weight:300;text-transform:none;font-style:normal;text-decoration:none;line-height:1.5em;letter-spacing:0px;}.elementor-2518 .elementor-element.elementor-element-209bee81 .elementor-field-group .elementor-field:not(.elementor-select-wrapper){background-color:var( --e-global-color-primary );border-color:var( --e-global-color-accent );border-width:10px 10px 10px 10px;border-radius:5px 5px 5px 5px;}.elementor-2518 .elementor-element.elementor-element-209bee81 .elementor-field-group .elementor-select-wrapper select{background-color:var( --e-global-color-primary );border-color:var( --e-global-color-accent );border-width:10px 10px 10px 10px;border-radius:5px 5px 5px 5px;}.elementor-2518 .elementor-element.elementor-element-209bee81 .elementor-field-group .elementor-select-wrapper::before{color:var( --e-global-color-accent );}.elementor-2518 .elementor-element.elementor-element-209bee81 .elementor-button{font-family:\"Poppins\", Sans-serif;font-size:16px;font-weight:500;text-transform:none;font-style:normal;text-decoration:none;line-height:1em;letter-spacing:0px;border-style:none;border-radius:5px 5px 5px 5px;padding:3% 13% 3% 13%;}.elementor-2518 .elementor-element.elementor-element-209bee81 .e-form__buttons__wrapper__button-next{background-color:var( --e-global-color-primary );color:var( --e-global-color-secondary );border-color:var( --e-global-color-accent );}.elementor-2518 .elementor-element.elementor-element-209bee81 .elementor-button[type=\"submit\"]{background-color:var( --e-global-color-primary );color:var( --e-global-color-secondary );border-color:var( --e-global-color-accent );}.elementor-2518 .elementor-element.elementor-element-209bee81 .elementor-button[type=\"submit\"] svg *{fill:var( --e-global-color-secondary );}.elementor-2518 .elementor-element.elementor-element-209bee81 .e-form__buttons__wrapper__button-previous{background-color:var( --e-global-color-accent );color:#ffffff;}.elementor-2518 .elementor-element.elementor-element-209bee81 .e-form__buttons__wrapper__button-next:hover{background-color:#02010100;color:var( --e-global-color-accent );border-color:var( --e-global-color-accent );}.elementor-2518 .elementor-element.elementor-element-209bee81 .elementor-button[type=\"submit\"]:hover{background-color:#02010100;color:var( --e-global-color-accent );border-color:var( --e-global-color-accent );}.elementor-2518 .elementor-element.elementor-element-209bee81 .elementor-button[type=\"submit\"]:hover svg *{fill:var( --e-global-color-accent );}.elementor-2518 .elementor-element.elementor-element-209bee81 .e-form__buttons__wrapper__button-previous:hover{color:#ffffff;}.elementor-2518 .elementor-element.elementor-element-209bee81 .elementor-message{font-family:\"Poppins\", Sans-serif;font-size:16px;font-weight:300;text-transform:none;font-style:normal;text-decoration:none;line-height:1.5em;letter-spacing:0px;}.elementor-2518 .elementor-element.elementor-element-209bee81 .elementor-message.elementor-message-success{color:var( --e-global-color-primary );}.elementor-2518 .elementor-element.elementor-element-209bee81 .elementor-message.elementor-message-danger{color:var( --e-global-color-primary );}.elementor-2518 .elementor-element.elementor-element-209bee81 .elementor-message.elementor-help-inline{color:var( --e-global-color-primary );}.elementor-2518 .elementor-element.elementor-element-209bee81 .e-form__indicators__indicator, .elementor-2518 .elementor-element.elementor-element-209bee81 .e-form__indicators__indicator__label{font-family:\"Poppins\", Sans-serif;font-size:16px;font-weight:400;text-transform:capitalize;font-style:normal;text-decoration:none;line-height:1em;letter-spacing:0px;}body.elementor-page-2518:not(.elementor-motion-effects-element-type-background), body.elementor-page-2518 > .elementor-motion-effects-container > .elementor-motion-effects-layer{background-color:#FFFFFF;}@media(min-width:768px){.elementor-2518 .elementor-element.elementor-element-140e6745{--content-width:605px;}}@media(max-width:1024px){.elementor-2518 .elementor-element.elementor-element-140e6745{--margin-top:25%;--margin-bottom:0%;--margin-left:0%;--margin-right:0%;}.elementor-2518 .elementor-element.elementor-element-2a6fe0d3 .elementor-heading-title{font-size:65px;}.elementor-2518 .elementor-element.elementor-element-2adc9a55{font-size:14px;}.elementor-2518 .elementor-element.elementor-element-209bee81 .elementor-field-group > label{font-size:14px;}.elementor-2518 .elementor-element.elementor-element-209bee81 .elementor-field-type-html{font-size:14px;}.elementor-2518 .elementor-element.elementor-element-209bee81 .elementor-field-group .elementor-field, .elementor-2518 .elementor-element.elementor-element-209bee81 .elementor-field-subgroup label{font-size:14px;}.elementor-2518 .elementor-element.elementor-element-209bee81 .elementor-button{font-size:14px;}.elementor-2518 .elementor-element.elementor-element-209bee81 .elementor-message{font-size:14px;}.elementor-2518 .elementor-element.elementor-element-209bee81 .e-form__indicators__indicator, .elementor-2518 .elementor-element.elementor-element-209bee81 .e-form__indicators__indicator__label{font-size:14px;}}@media(max-width:767px){.elementor-2518 .elementor-element.elementor-element-140e6745{--margin-top:0%;--margin-bottom:0%;--margin-left:0%;--margin-right:0%;--padding-top:0%;--padding-bottom:0%;--padding-left:5%;--padding-right:5%;}.elementor-2518 .elementor-element.elementor-element-2a6fe0d3 .elementor-heading-title{font-size:48px;line-height:1em;}.elementor-2518 .elementor-element.elementor-element-2adc9a55{padding:0px 0px 0px 0px;}.elementor-2518 .elementor-element.elementor-element-209bee81{margin:0px 0px calc(var(--kit-widget-spacing, 0px) + 0px) 0px;padding:0px 20px 30px 20px;}}<\/style>\t\t<div data-elementor-type=\"wp-page\" data-elementor-id=\"2518\" class=\"elementor elementor-2518\" data-elementor-post-type=\"page\">\n\t\t\t\t<div data-particle_enable=\"false\" data-particle-mobile-disabled=\"false\" class=\"elementor-element elementor-element-140e6745 e-flex e-con-boxed e-con e-parent\" data-id=\"140e6745\" data-element_type=\"container\" data-settings=\"{&quot;background_background&quot;:&quot;classic&quot;,&quot;ekit_has_onepagescroll_dot&quot;:&quot;yes&quot;}\">\n\t\t\t\t\t<div class=\"e-con-inner\">\n\t\t\t\t<div class=\"elementor-element elementor-element-2a6fe0d3 elementor-widget elementor-widget-heading\" data-id=\"2a6fe0d3\" data-element_type=\"widget\" data-settings=\"{&quot;ekit_we_effect_on&quot;:&quot;none&quot;}\" data-widget_type=\"heading.default\">\n\t\t\t\t\t<h1 class=\"elementor-heading-title elementor-size-default\">\u0642\u062f\u0651\u0645 \u0634\u0643\u0648\u0649\n<\/h1>\t\t\t\t<\/div>\n\t\t\t\t<div class=\"elementor-element elementor-element-2adc9a55 elementor-widget elementor-widget-text-editor\" data-id=\"2adc9a55\" data-element_type=\"widget\" data-settings=\"{&quot;ekit_we_effect_on&quot;:&quot;none&quot;}\" data-widget_type=\"text-editor.default\">\n\t\t\t\t\t\t\t\t\t<p class=\"p1 translation-block\">\u064a\u062a\u064a\u062d \u0644\u0643 \u0647\u0630\u0627 \u0627\u0644\u0646\u0645\u0648\u0630\u062c \u0625\u0628\u0644\u0627\u063a\u0646\u0627 \u0628\u0623\u064a \u0645\u0644\u0627\u062d\u0638\u0629 \u062a\u062a\u0639\u0644\u0642 \u0628\u0639\u062f\u0645 \u0627\u0644\u0631\u0636\u0627 \u0623\u0648 \u0627\u0642\u062a\u0631\u0627\u062d \u0644\u062a\u062d\u0633\u064a\u0646 \u062e\u062f\u0645\u0627\u062a\u0646\u0627. \n\u0645\u0644\u0627\u062d\u0638\u0627\u062a\u0643\u0645 \u0642\u064a\u0651\u0645\u0629 \u0644\u0644\u063a\u0627\u064a\u0629 \u0644\u0644\u0645\u0633\u0627\u0647\u0645\u0629 \u0641\u064a \u062a\u0639\u0632\u064a\u0632 \u062c\u0648\u062f\u0629 \u0627\u0644\u0631\u0639\u0627\u064a\u0629 \u0627\u0644\u062a\u064a \u0646\u0642\u062f\u0645\u0647\u0627 \u0644\u0643\u0645.<\/p>\t\t\t\t\t\t\t\t<\/div>\n\t\t\t\t<div class=\"elementor-element elementor-element-209bee81 elementor-button-align-center elementor-widget elementor-widget-form\" data-id=\"209bee81\" data-element_type=\"widget\" data-settings=\"{&quot;step_next_label&quot;:&quot;Next&quot;,&quot;step_previous_label&quot;:&quot;Previous&quot;,&quot;button_width&quot;:&quot;100&quot;,&quot;step_type&quot;:&quot;number_text&quot;,&quot;step_icon_shape&quot;:&quot;circle&quot;,&quot;ekit_we_effect_on&quot;:&quot;none&quot;}\" data-widget_type=\"form.default\">\n\t\t\t\t\t\t\t<form class=\"elementor-form\" method=\"post\" name=\"feedback form\" aria-label=\"feedback form\" action=\"\">\n\t\t\t<input type=\"hidden\" name=\"post_id\" value=\"2518\"\/>\n\t\t\t<input type=\"hidden\" name=\"form_id\" value=\"209bee81\"\/>\n\t\t\t<input type=\"hidden\" name=\"referer_title\" value=\"reclamation - DR Yasser Rifay\" \/>\n\n\t\t\t\t\t\t\t<input type=\"hidden\" name=\"queried_id\" value=\"2518\"\/>\n\t\t\t\n\t\t\t<div class=\"elementor-form-fields-wrapper elementor-labels-above\">\n\t\t\t\t\t\t\t\t<div class=\"elementor-field-type-text elementor-field-group elementor-column elementor-field-group-name elementor-col-50\">\n\t\t\t\t\t\t\t\t\t\t\t\t<label for=\"form-field-name\" class=\"elementor-field-label\">\n\t\t\t\t\t\t\t\t\u0627\u0644\u0627\u0633\u0645 \u0627\u0644\u0643\u0627\u0645\u0644\t\t\t\t\t\t\t<\/label>\n\t\t\t\t\t\t\t\t\t\t\t\t\t\t<input size=\"1\" type=\"text\" name=\"form_fields[name]\" id=\"form-field-name\" class=\"elementor-field elementor-size-sm  elementor-field-textual\">\n\t\t\t\t\t\t\t\t\t\t\t<\/div>\n\t\t\t\t\t\t\t\t<div class=\"elementor-field-type-tel elementor-field-group elementor-column elementor-field-group-field_5795161 elementor-col-50\">\n\t\t\t\t\t\t\t\t\t\t\t\t<label for=\"form-field-field_5795161\" class=\"elementor-field-label\">\n\t\t\t\t\t\t\t\t\u0631\u0642\u0645 \u0627\u0644\u0647\u0627\u062a\u0641\t\t\t\t\t\t\t<\/label>\n\t\t\t\t\t\t\t\t<input size=\"1\" type=\"tel\" name=\"form_fields[field_5795161]\" id=\"form-field-field_5795161\" class=\"elementor-field elementor-size-sm  elementor-field-textual\" pattern=\"[0-9()#&amp;+*-=.]+\" title=\"Only numbers and phone characters (#, -, *, etc) are accepted.\">\n\n\t\t\t\t\t\t<\/div>\n\t\t\t\t\t\t\t\t<div class=\"elementor-field-type-email elementor-field-group elementor-column elementor-field-group-field_a619871 elementor-col-50\">\n\t\t\t\t\t\t\t\t\t\t\t\t<label for=\"form-field-field_a619871\" class=\"elementor-field-label\">\n\t\t\t\t\t\t\t\t\u0627\u0644\u0628\u0631\u064a\u062f \u0627\u0644\u0625\u0644\u0643\u062a\u0631\u0648\u0646\u064a\t\t\t\t\t\t\t<\/label>\n\t\t\t\t\t\t\t\t\t\t\t\t\t\t<input size=\"1\" type=\"email\" name=\"form_fields[field_a619871]\" id=\"form-field-field_a619871\" class=\"elementor-field elementor-size-sm  elementor-field-textual\">\n\t\t\t\t\t\t\t\t\t\t\t<\/div>\n\t\t\t\t\t\t\t\t<div class=\"elementor-field-type-date elementor-field-group elementor-column elementor-field-group-field_93e25ac elementor-col-50\">\n\t\t\t\t\t\t\t\t\t\t\t\t<label for=\"form-field-field_93e25ac\" class=\"elementor-field-label\">\n\t\t\t\t\t\t\t\t\u062a\u0627\u0631\u064a\u062e \u0627\u0644\u0641\u062d\u0635 \u0627\u0644\u0637\u0628\u064a\t\t\t\t\t\t\t<\/label>\n\t\t\t\t\t\t\n\t\t<input type=\"date\" name=\"form_fields[field_93e25ac]\" id=\"form-field-field_93e25ac\" class=\"elementor-field elementor-size-sm  elementor-field-textual elementor-date-field\" pattern=\"[0-9]{4}-[0-9]{2}-[0-9]{2}\">\n\t\t\t\t\t\t<\/div>\n\t\t\t\t\t\t\t\t<div class=\"elementor-field-type-textarea elementor-field-group elementor-column elementor-field-group-field_5d346ed elementor-col-100\">\n\t\t\t\t\t\t\t\t\t\t\t\t<label for=\"form-field-field_5d346ed\" class=\"elementor-field-label\">\n\t\t\t\t\t\t\t\t\u0627\u0644\u0648\u0635\u0641 \u0627\u0644\u062a\u0641\u0635\u064a\u0644\u064a\t\t\t\t\t\t\t<\/label>\n\t\t\t\t\t\t<textarea class=\"elementor-field-textual elementor-field  elementor-size-sm\" name=\"form_fields[field_5d346ed]\" id=\"form-field-field_5d346ed\" rows=\"4\"><\/textarea>\t\t\t\t<\/div>\n\t\t\t\t\t\t\t\t<div class=\"elementor-field-group elementor-column elementor-field-type-submit elementor-col-100 e-form__buttons\">\n\t\t\t\t\t<button class=\"elementor-button elementor-size-sm\" type=\"submit\">\n\t\t\t\t\t\t<span class=\"elementor-button-content-wrapper\">\n\t\t\t\t\t\t\t\t\t\t\t\t\t\t\t<span class=\"elementor-button-icon\">\n\t\t\t\t\t\t\t\t\t<i aria-hidden=\"true\" class=\"jki jki-send-line\"><\/i>\t\t\t\t\t\t\t\t\t\t\t\t\t\t\t\t\t<\/span>\n\t\t\t\t\t\t\t\t\t\t\t\t\t\t\t\t\t\t\t\t\t\t<span class=\"elementor-button-text\">\u0625\u0631\u0633\u0627\u0644 \u0634\u0643\u0648\u0649<\/span>\n\t\t\t\t\t\t\t\t\t\t\t\t\t<\/span>\n\t\t\t\t\t<\/button>\n\t\t\t\t<\/div>\n\t\t\t<\/div>\n\t\t<input type=\"hidden\" name=\"trp-form-language\" value=\"ar\"\/><\/form>\n\t\t\t\t\t\t<\/div>\n\t\t\t\t\t<\/div>\n\t\t\t\t<\/div>\n\t\t\t\t<\/div>","protected":false},"excerpt":{"rendered":"<p>D\u00e9posez une r\u00e9clamation Cher(e) patient(e),Ce formulaire vous permet de nous signaler toute insatisfaction ou suggestion d\u2019am\u00e9lioration. Vos remarques sont pr\u00e9cieuses pour renforcer la qualit\u00e9 de votre prise en charge.<\/p>","protected":false},"author":1,"featured_media":0,"parent":0,"menu_order":0,"comment_status":"closed","ping_status":"closed","template":"elementor_canvas","meta":{"footnotes":""},"class_list":["post-2518","page","type-page","status-publish","hentry"],"_links":{"self":[{"href":"https:\/\/dryasserrifay.com\/ar\/wp-json\/wp\/v2\/pages\/2518","targetHints":{"allow":["GET"]}}],"collection":[{"href":"https:\/\/dryasserrifay.com\/ar\/wp-json\/wp\/v2\/pages"}],"about":[{"href":"https:\/\/dryasserrifay.com\/ar\/wp-json\/wp\/v2\/types\/page"}],"author":[{"embeddable":true,"href":"https:\/\/dryasserrifay.com\/ar\/wp-json\/wp\/v2\/users\/1"}],"replies":[{"embeddable":true,"href":"https:\/\/dryasserrifay.com\/ar\/wp-json\/wp\/v2\/comments?post=2518"}],"version-history":[{"count":26,"href":"https:\/\/dryasserrifay.com\/ar\/wp-json\/wp\/v2\/pages\/2518\/revisions"}],"predecessor-version":[{"id":3068,"href":"https:\/\/dryasserrifay.com\/ar\/wp-json\/wp\/v2\/pages\/2518\/revisions\/3068"}],"wp:attachment":[{"href":"https:\/\/dryasserrifay.com\/ar\/wp-json\/wp\/v2\/media?parent=2518"}],"curies":[{"name":"wp","href":"https:\/\/api.w.org\/{rel}","templated":true}]}}