{"id":2827,"date":"2025-10-04T20:43:43","date_gmt":"2025-10-04T20:43:43","guid":{"rendered":"https:\/\/dryasserrifay.com\/?page_id=2827"},"modified":"2025-10-04T20:48:09","modified_gmt":"2025-10-04T20:48:09","slug":"cgu","status":"publish","type":"page","link":"https:\/\/dryasserrifay.com\/ar\/cgu\/","title":{"rendered":"CGU"},"content":{"rendered":"<style>.elementor-2827 .elementor-element.elementor-element-2be289e8{--display:grid;--e-con-grid-template-columns:repeat(1, 1fr);--e-con-grid-template-rows:repeat(1, 1fr);--grid-auto-flow:row;--overlay-opacity:0.85;--margin-top:0px;--margin-bottom:0px;--margin-left:0px;--margin-right:0px;--padding-top:6em;--padding-bottom:6em;--padding-left:1em;--padding-right:1em;overflow:visible;}.elementor-2827 .elementor-element.elementor-element-2be289e8:not(.elementor-motion-effects-element-type-background), .elementor-2827 .elementor-element.elementor-element-2be289e8 > .elementor-motion-effects-container > .elementor-motion-effects-layer{background-image:url(\"https:\/\/dryasserrifay.com\/wp-content\/uploads\/2025\/09\/516649386_10161585278637666_485872232621999957_n.jpg\");background-position:center right;background-repeat:no-repeat;background-size:cover;}.elementor-2827 .elementor-element.elementor-element-2be289e8::before, .elementor-2827 .elementor-element.elementor-element-2be289e8 > .elementor-background-video-container::before, .elementor-2827 .elementor-element.elementor-element-2be289e8 > .e-con-inner > .elementor-background-video-container::before, .elementor-2827 .elementor-element.elementor-element-2be289e8 > .elementor-background-slideshow::before, .elementor-2827 .elementor-element.elementor-element-2be289e8 > .e-con-inner > .elementor-background-slideshow::before, .elementor-2827 .elementor-element.elementor-element-2be289e8 > .elementor-motion-effects-container > .elementor-motion-effects-layer::before{background-color:var( --e-global-color-32c5b66 );--background-overlay:'';}.elementor-2827 .elementor-element.elementor-element-444be2c7{--display:flex;--margin-top:100px;--margin-bottom:0px;--margin-left:0px;--margin-right:0px;overflow:visible;}.elementor-2827 .elementor-element.elementor-element-4d64de23{text-align:center;}.elementor-2827 .elementor-element.elementor-element-4d64de23 .elementor-heading-title{font-family:var( --e-global-typography-4daa07b-font-family ), Sans-serif;font-size:var( --e-global-typography-4daa07b-font-size );font-weight:var( --e-global-typography-4daa07b-font-weight );text-transform:var( --e-global-typography-4daa07b-text-transform );line-height:var( --e-global-typography-4daa07b-line-height );color:var( --e-global-color-accent );}.elementor-2827 .elementor-element.elementor-element-55875e9{--display:flex;--flex-direction:column;--container-widget-width:100%;--container-widget-height:initial;--container-widget-flex-grow:0;--container-widget-align-self:initial;--flex-wrap-mobile:wrap;overflow:visible;}.elementor-2827 .elementor-element.elementor-element-e5fe60f{margin:020px 020px calc(var(--kit-widget-spacing, 0px) + 020px) 020px;padding:20px 20px 20px 20px;}body.elementor-page-2827:not(.elementor-motion-effects-element-type-background), body.elementor-page-2827 > .elementor-motion-effects-container > .elementor-motion-effects-layer{background-color:#FFFFFF;}@media(min-width:768px){.elementor-2827 .elementor-element.elementor-element-444be2c7{--width:100%;}}@media(max-width:1024px){.elementor-2827 .elementor-element.elementor-element-2be289e8{--grid-auto-flow:row;}.elementor-2827 .elementor-element.elementor-element-4d64de23 .elementor-heading-title{font-size:var( --e-global-typography-4daa07b-font-size );line-height:var( --e-global-typography-4daa07b-line-height );}}@media(max-width:767px){.elementor-2827 .elementor-element.elementor-element-2be289e8{--e-con-grid-template-columns:repeat(1, 1fr);--grid-auto-flow:row;--margin-top:-200px;--margin-bottom:0px;--margin-left:0px;--margin-right:0px;}.elementor-2827 .elementor-element.elementor-element-444be2c7{--margin-top:150px;--margin-bottom:0px;--margin-left:0px;--margin-right:0px;}.elementor-2827 .elementor-element.elementor-element-4d64de23 .elementor-heading-title{font-size:var( --e-global-typography-4daa07b-font-size );line-height:var( --e-global-typography-4daa07b-line-height );}}<\/style>\t\t<div data-elementor-type=\"wp-page\" data-elementor-id=\"2827\" class=\"elementor elementor-2827\" data-elementor-post-type=\"page\">\n\t\t\t\t<div data-particle_enable=\"false\" data-particle-mobile-disabled=\"false\" class=\"elementor-element elementor-element-2be289e8 e-grid e-con-full e-con e-parent\" data-id=\"2be289e8\" data-element_type=\"container\" data-settings=\"{&quot;background_background&quot;:&quot;classic&quot;,&quot;ekit_has_onepagescroll_dot&quot;:&quot;yes&quot;}\">\n\t\t<div data-particle_enable=\"false\" data-particle-mobile-disabled=\"false\" class=\"elementor-element elementor-element-444be2c7 e-con-full e-flex e-con e-child\" data-id=\"444be2c7\" data-element_type=\"container\" data-settings=\"{&quot;ekit_has_onepagescroll_dot&quot;:&quot;yes&quot;}\">\n\t\t\t\t<div class=\"elementor-element elementor-element-4d64de23 elementor-widget elementor-widget-heading\" data-id=\"4d64de23\" data-element_type=\"widget\" data-settings=\"{&quot;ekit_we_effect_on&quot;:&quot;none&quot;}\" data-widget_type=\"heading.default\">\n\t\t\t\t\t<h1 class=\"elementor-heading-title elementor-size-default\">\u0627\u0644\u0634\u0631\u0648\u0637 \u0627\u0644\u0639\u0627\u0645\u0629 \u0644\u0644\u0627\u0633\u062a\u062e\u062f\u0627\u0645\n<\/h1>\t\t\t\t<\/div>\n\t\t\t\t<\/div>\n\t\t\t\t<\/div>\n\t\t<div data-particle_enable=\"false\" data-particle-mobile-disabled=\"false\" class=\"elementor-element elementor-element-55875e9 e-flex e-con-boxed e-con e-parent\" data-id=\"55875e9\" data-element_type=\"container\" data-settings=\"{&quot;ekit_has_onepagescroll_dot&quot;:&quot;yes&quot;}\">\n\t\t\t\t\t<div class=\"e-con-inner\">\n\t\t\t\t<div class=\"elementor-element elementor-element-e5fe60f elementor-widget elementor-widget-text-editor\" data-id=\"e5fe60f\" data-element_type=\"widget\" data-settings=\"{&quot;ekit_we_effect_on&quot;:&quot;none&quot;}\" data-widget_type=\"text-editor.default\">\n\t\t\t\t\t\t\t\t\t<p class=\"p1\"><b>Derni\u00e8re mise \u00e0 jour : 05\/10\/2025<\/b><b><\/b><\/p><p class=\"p3\">Bienvenue sur le site <a href=\"https:\/\/dryasserrifay.com\/ar\/\"><span class=\"s1\"><b>https:\/\/dryasserrifay.com<\/b><\/span><\/a>\u00a0(ci-apr\u00e8s \u00ab le Site \u00bb). L\u2019acc\u00e8s et l\u2019utilisation de ce Site sont soumis aux pr\u00e9sentes Conditions G\u00e9n\u00e9rales. En utilisant ce Site, vous acceptez ces conditions.<\/p><hr \/><h3><b>1. Objet<\/b><\/h3><p class=\"p3\">Les pr\u00e9sentes conditions ont pour objet de d\u00e9finir les modalit\u00e9s d\u2019utilisation du Site et les droits et obligations des utilisateurs et de l\u2019exploitant.<\/p><hr \/><h3><b>2. Propri\u00e9t\u00e9 intellectuelle<\/b><\/h3><p class=\"p3\">Tous les contenus pr\u00e9sents sur ce Site (textes, images, logos, vid\u00e9os, documents, design) sont la propri\u00e9t\u00e9 exclusive de <span class=\"s1\"><b>\u062f. \u064a\u0627\u0633\u0631 \u0627\u0644\u0631\u0641\u0627\u0639\u064a<\/b><\/span> ou de ses partenaires et sont prot\u00e9g\u00e9s par le droit de la propri\u00e9t\u00e9 intellectuelle. Toute reproduction, distribution ou modification sans autorisation pr\u00e9alable est interdite.<\/p><hr \/><h3><b>3. Acc\u00e8s au Site<\/b><\/h3><p class=\"p3\">L\u2019acc\u00e8s au Site est libre et gratuit. Nous nous r\u00e9servons toutefois le droit de modifier, suspendre ou interrompre l\u2019acc\u00e8s \u00e0 tout moment, sans pr\u00e9avis.<\/p><hr \/><h3><b>4. Utilisation du Site<\/b><\/h3><p class=\"p3\">Vous vous engagez \u00e0 utiliser le Site conform\u00e9ment aux lois en vigueur et aux pr\u00e9sentes CGU. Vous vous interdisez de :<\/p><ul><li><p class=\"p1\">Publier ou transmettre des contenus ill\u00e9gaux, offensants ou diffamatoires.<\/p><\/li><li><p class=\"p1\">Perturber le fonctionnement du Site ou tenter d\u2019acc\u00e9der aux donn\u00e9es des autres utilisateurs.<\/p><\/li><\/ul><hr \/><h3><b>5. Donn\u00e9es personnelles<\/b><\/h3><p class=\"p3\">Vos informations personnelles sont collect\u00e9es conform\u00e9ment \u00e0 notre <span class=\"s1\"><b><a href=\"https:\/\/dryasserrifay.com\/ar\/politique-de-confidentialite\/\">Politique de confidentialit\u00e9<\/a>.<\/b><\/span>\u00a0Les donn\u00e9es collect\u00e9es via le Site sont utilis\u00e9es uniquement pour r\u00e9pondre \u00e0 vos demandes et am\u00e9liorer nos services.<\/p><hr \/><h3><b>6. Limitation de responsabilit\u00e9<\/b><\/h3><p class=\"p3\">L\u2019exploitant du Site ne pourra \u00eatre tenu responsable :<\/p><ul><li><p class=\"p1\">Des dommages directs ou indirects li\u00e9s \u00e0 l\u2019utilisation du Site.<\/p><\/li><li><p class=\"p1\">Des interruptions, erreurs techniques ou probl\u00e8mes li\u00e9s aux contenus fournis par des tiers.<\/p><\/li><\/ul><p class=\"p3\">Le Site et ses contenus sont fournis <span class=\"s1\"><b>\u00ab tels quels \u00bb<\/b><\/span> sans garantie d\u2019exactitude ou d\u2019exhaustivit\u00e9.<\/p><hr \/><h3><b>7. Liens externes<\/b><\/h3><p class=\"p3\">Le Site peut contenir des liens vers des sites tiers. Nous n\u2019avons aucun contr\u00f4le sur ces sites et ne sommes pas responsables de leurs contenus ou de leur politique de confidentialit\u00e9.<\/p><hr \/><h3><b>8. Modification des conditions<\/b><\/h3><p class=\"p3\">Nous pouvons mettre \u00e0 jour les pr\u00e9sentes Conditions G\u00e9n\u00e9rales \u00e0 tout moment. Les modifications seront publi\u00e9es sur cette page avec la date de mise \u00e0 jour.<\/p><hr \/><h3><b>9. Contact<\/b><\/h3><p class=\"p3\">Pour toute question concernant ces Conditions G\u00e9n\u00e9rales, vous pouvez nous contacter \u00e0 :<\/p><p class=\"p1\"><b>Email : <\/b>cabinet.dr.rifay@gmail.com<\/p><p class=\"p1\"><b>Adresse : <\/b>56 \u0634\u0627\u0631\u0639 \u0641\u0631\u0646\u0633\u0627\u060c \u0627\u0644\u0637\u0627\u0628\u0642 \u0627\u0644\u062b\u0627\u0646\u064a\u060c \u0623\u0643\u062f\u0627\u0644\u060c \u0627\u0644\u0631\u0628\u0627\u0637\u060c \u0627\u0644\u0645\u063a\u0631\u0628\u060c 10000<\/p><div class=\"elementor-element elementor-element-bdc18fa elementor-widget elementor-widget-text-editor\" data-id=\"bdc18fa\" data-element_type=\"widget\" data-settings=\"{&quot;ekit_we_effect_on&quot;:&quot;none&quot;}\" data-widget_type=\"text-editor.default\">\u00a0<\/div>\t\t\t\t\t\t\t\t<\/div>\n\t\t\t\t\t<\/div>\n\t\t\t\t<\/div>\n\t\t\t\t<\/div>","protected":false},"excerpt":{"rendered":"<p>Conditions G\u00e9n\u00e9rales d\u2019Utilisation (CGU) Derni\u00e8re mise \u00e0 jour : 05\/10\/2025 Bienvenue sur le site https:\/\/dryasserrifay.com\u00a0(ci-apr\u00e8s \u00ab le Site \u00bb). L\u2019acc\u00e8s et l\u2019utilisation de ce Site sont soumis aux pr\u00e9sentes Conditions G\u00e9n\u00e9rales. En utilisant ce Site, vous acceptez ces conditions. 1. Objet Les pr\u00e9sentes conditions ont pour objet de d\u00e9finir les modalit\u00e9s d\u2019utilisation du Site et [&hellip;]<\/p>","protected":false},"author":1,"featured_media":0,"parent":0,"menu_order":0,"comment_status":"closed","ping_status":"closed","template":"elementor_header_footer","meta":{"footnotes":""},"class_list":["post-2827","page","type-page","status-publish","hentry"],"_links":{"self":[{"href":"https:\/\/dryasserrifay.com\/ar\/wp-json\/wp\/v2\/pages\/2827","targetHints":{"allow":["GET"]}}],"collection":[{"href":"https:\/\/dryasserrifay.com\/ar\/wp-json\/wp\/v2\/pages"}],"about":[{"href":"https:\/\/dryasserrifay.com\/ar\/wp-json\/wp\/v2\/types\/page"}],"author":[{"embeddable":true,"href":"https:\/\/dryasserrifay.com\/ar\/wp-json\/wp\/v2\/users\/1"}],"replies":[{"embeddable":true,"href":"https:\/\/dryasserrifay.com\/ar\/wp-json\/wp\/v2\/comments?post=2827"}],"version-history":[{"count":13,"href":"https:\/\/dryasserrifay.com\/ar\/wp-json\/wp\/v2\/pages\/2827\/revisions"}],"predecessor-version":[{"id":2841,"href":"https:\/\/dryasserrifay.com\/ar\/wp-json\/wp\/v2\/pages\/2827\/revisions\/2841"}],"wp:attachment":[{"href":"https:\/\/dryasserrifay.com\/ar\/wp-json\/wp\/v2\/media?parent=2827"}],"curies":[{"name":"wp","href":"https:\/\/api.w.org\/{rel}","templated":true}]}}